{"id":1636,"date":"2015-08-22T12:04:32","date_gmt":"2015-08-22T12:04:32","guid":{"rendered":"http:\/\/help.cobra.hu\/?page_id=1636"},"modified":"2023-08-19T13:27:32","modified_gmt":"2023-08-19T13:27:32","slug":"gyik","status":"publish","type":"page","link":"http:\/\/help.cobra.hu\/index.php\/gyik\/","title":{"rendered":"Gyakran ism\u00e9telt k\u00e9rd\u00e9sek \u00e9s v\u00e1laszok"},"content":{"rendered":"            <div class=\"qae-faqs-container qae-faqs-toggle-container\">\n\t\t\t\t\t\t\t<ul class=\"qe-faqs-filters-container\">\n\t\t\t\t<li class=\"active\"><a class=\"qe-faqs-filter all-faqs\" href=\"#\" data-filter=\"*\">All<\/a><\/li>\n\t\t\t\t<li><a class=\"qe-faqs-filter\" href=\"#afa\" data-filter=\".afa\">\u00c1FA<\/a><\/li><li><a class=\"qe-faqs-filter\" href=\"#beallitasok\" data-filter=\".beallitasok\">Be\u00e1ll\u00edt\u00e1sok<\/a><\/li><li><a class=\"qe-faqs-filter\" href=\"#nav-online-szamla\" data-filter=\".nav-online-szamla\">NAV Online Sz\u00e1mla<\/a><\/li><li><a class=\"qe-faqs-filter\" href=\"#penzugy\" data-filter=\".penzugy\">P\u00e9nz\u00fcgy<\/a><\/li><li><a class=\"qe-faqs-filter\" href=\"#szamlazas\" data-filter=\".szamlazas\">Sz\u00e1ml\u00e1z\u00e1s<\/a><\/li><li><a class=\"qe-faqs-filter\" href=\"#uzemeltetes\" data-filter=\".uzemeltetes\">\u00dczemeltet\u00e9s<\/a><\/li>\t\t\t<\/ul>\n\t\t\t\t\t<div id=\"qaef-7396\" class=\"qe-faq-toggle uzemeltetes\">\n\t\t\t<div class=\"qe-toggle-title\">\n\t\t\t\t<h4>\n\t\t\t\t\t<i class=\"fa fa-minus-circle\"><\/i> Hogyan lehet az adatb\u00e1zist menteni?\t\t\t\t<\/h4>\n\t\t\t<\/div>\n\t\t\t<div class=\"qe-toggle-content\">\n\t\t\t\t<p><span style=\"font-weight: 400\">A ment\u00e9s elv\u00e9gz\u00e9s\u00e9re h\u00e1rom lehet\u0151s\u00e9g van.\u00a0<\/span><\/p>\n<ol>\n<li style=\"font-weight: 400\"><span style=\"font-weight: 400\">A program telep\u00edtett k\u00f6nyvt\u00e1r\u00e1ban tal\u00e1l egy Cobra.Db.Creator.exe satelit programot, amelyet elind\u00edtva, az adatb\u00e1zishoz val\u00f3 kapcsol\u00f3d\u00e1s ut\u00e1n, megjelenik egy ablak. Az ablakban a m\u00f3dos\u00edt\u00e1s gombra kattintva, a ment\u00e9s f\u00fcl\u00f6n v\u00e9gezheti el az adatb\u00e1zis ment\u00e9s\u00e9t.<\/span><\/li>\n<li style=\"font-weight: 400\"><span style=\"font-weight: 400\">L\u00e9tezik egy be\u00e9p\u00edtett script, amelyet a sz\u00e1m\u00edt\u00f3g\u00e9p feladat \u00fctemez\u00e9s\u00e9be lehet be\u00e1ll\u00edtani, \u00edgy be\u00e1ll\u00edtott id\u0151pontban lefut az adatb\u00e1zis ment\u00e9se. A script param\u00e9terez\u00e9se konzulensi feladat. \u00dcgyf\u00e9lszolg\u00e1latunkon tud id\u0151pontot egyeztetni.<\/span><\/li>\n<li style=\"font-weight: 400\"><span style=\"font-weight: 400\">Saj\u00e1t felel\u0151ss\u00e9gre haszn\u00e1lhat\u00f3 az interneten megtal\u00e1lhat\u00f3 b\u00e1rmely harmadik f\u00e9l \u00e1ltal gy\u00e1rtott SQL adatb\u00e1zis ment\u0151 program. Ezek be\u00fczemel\u00e9s\u00e9ben rendszergazd\u00e1ja tud seg\u00edteni.<\/span><\/li>\n<\/ol>\n\t\t\t<\/div>\n\t\t<\/div>\n\t\t\t\t<div id=\"qaef-7395\" class=\"qe-faq-toggle beallitasok\">\n\t\t\t<div class=\"qe-toggle-title\">\n\t\t\t\t<h4>\n\t\t\t\t\t<i class=\"fa fa-minus-circle\"><\/i> Hogyan lehet k\u00fcls\u0151 PDF olvas\u00f3t be\u00e1ll\u00edtani a csatolm\u00e1nyok megjelen\u00edt\u00e9s\u00e9hez?\t\t\t\t<\/h4>\n\t\t\t<\/div>\n\t\t\t<div class=\"qe-toggle-content\">\n\t\t\t\t<p><span style=\"font-weight: 400\">Alul r\u00e1kattintunk a fogasker\u00e9k ikonra (be\u00e1ll\u00edt\u00e1sok), majd a megny\u00edl\u00f3 ablakban kipip\u00e1ljuk a K\u00fcls\u0151 PDF alkalmaz\u00e1s haszn\u00e1lata be\u00e1ll\u00edt\u00e1st.<\/span><\/p>\n\t\t\t<\/div>\n\t\t<\/div>\n\t\t\t\t<div id=\"qaef-7385\" class=\"qe-faq-toggle szamlazas\">\n\t\t\t<div class=\"qe-toggle-title\">\n\t\t\t\t<h4>\n\t\t\t\t\t<i class=\"fa fa-minus-circle\"><\/i> Hogyan tudok m\u00f3dos\u00edt\u00f3 okiratot k\u00e9sz\u00edteni?\t\t\t\t<\/h4>\n\t\t\t<\/div>\n\t\t\t<div class=\"qe-toggle-content\">\n\t\t\t\t<ol>\n<li style=\"font-weight: 400\"><span style=\"font-weight: 400\">A <\/span><b>V\u00e9gleges\u00edtett sz\u00e1ml\u00e1k<\/b><span style=\"font-weight: 400\"> ablakban jel\u00f6lj\u00fck ki a m\u00f3dos\u00edtani k\u00edv\u00e1nt sz\u00e1ml\u00e1t \u00e9s nyomjuk meg a <\/span><b>M\u00f3dos\u00edt\u00f3 okirat<\/b><span style=\"font-weight: 400\"> gombot<\/span><\/li>\n<li style=\"font-weight: 400\"><span style=\"font-weight: 400\">A megjelen\u0151 ablak fejl\u00e9c\u00e9n l\u00e1that\u00f3, mely sz\u00e1mla m\u00f3dos\u00edt\u00e1s\u00e1t kezdem\u00e9nyezt\u00fck. A vev\u0151 adatai automat\u00e1n kit\u00f6lt\u00e9sre ker\u00fclnek az eredeti sz\u00e1mla alapj\u00e1n<\/span><\/li>\n<li style=\"font-weight: 400\"><span style=\"font-weight: 400\">Ezut\u00e1n emelj\u00fck be a m\u00f3dos\u00edtani k\u00edv\u00e1nt sz\u00e1mlat\u00e9telt az <\/span><b>Import gomb Sz\u00e1mlat\u00e9tel opci\u00f3j\u00e1b\u00f3l<\/b><span style=\"font-weight: 400\"> valamely lehet\u0151s\u00e9g\u00e9t v\u00e1lasztva:<\/span>\n<ol>\n<li style=\"font-weight: 400\"><b>j\u00f3v\u00e1\u00edr\u00e1s vagy vissz\u00e1ru<\/b><\/li>\n<li style=\"font-weight: 400\"><b>t\u00e9tel m\u00f3dos\u00edt\u00e1s<\/b><span style=\"font-weight: 400\"> (pl.: rossz a megadott mennyis\u00e9g vagy egys\u00e9g\u00e1r)<\/span><\/li>\n<li style=\"font-weight: 400\"><b>ut\u00f3lagos kedvezm\u00e9ny sz\u00e1ml\u00e1z\u00e1sa<\/b><\/li>\n<\/ol>\n<\/li>\n<li style=\"font-weight: 400\"><span style=\"font-weight: 400\">B\u00e1rmely lehet\u0151s\u00e9get is v\u00e1lasztjuk, a megjelen\u0151 t\u00e9telv\u00e1laszt\u00f3 ablakban csak \u00e9s kiz\u00e1r\u00f3lag a m\u00f3dos\u00edt\u00e1sra kijel\u00f6lt eredeti sz\u00e1mla t\u00e9telei k\u00f6z\u00fcl v\u00e1laszthatunk, mint m\u00f3dos\u00edtand\u00f3 t\u00e9tel.<\/span><\/li>\n<li style=\"font-weight: 400\"><span style=\"font-weight: 400\">A kiv\u00e1laszt\u00e1s ut\u00e1n a program az al\u00e1bbi lehet\u0151s\u00e9gek szerint j\u00e1r el:<\/span>\n<ol>\n<li style=\"font-weight: 400\"><b>J\u00f3v\u00e1\u00edr\u00e1s \/ Vissz\u00e1ru<\/b><span style=\"font-weight: 400\"> eset\u00e9n a kijel\u00f6lt t\u00e9tel az eredetihez k\u00e9pest m\u00ednusz mennyis\u00e9ggel ker\u00fcl a m\u00f3dos\u00edt\u00f3 sz\u00e1ml\u00e1ra. Amennyiben az eredeti sz\u00e1mla t\u00e9telhez rakt\u00e1rmozg\u00e1s kapcsol\u00f3dott, \u00fagy most ellent\u00e9tes el\u0151jel\u0171 (vagyis bev\u00e9telez\u00e9s) rakt\u00e1rmozg\u00e1s fog gener\u00e1l\u00f3dni a m\u00f3dos\u00edt\u00f3 okirattal egy\u00fctt:<\/span><\/li>\n<li style=\"font-weight: 400\"><b>M\u00f3dos\u00edt\u00e1s<\/b><span style=\"font-weight: 400\"> eset\u00e9n a helyesb\u00edt\u00e9s szab\u00e1lyainak megfelel\u0151en 2 t\u00e9tel ker\u00fcl a m\u00f3dos\u00edt\u00f3 bizonylatra: az eredeti t\u00e9tel m\u00ednusz mennyis\u00e9ggel, majd a m\u00f3dos\u00edt\u00f3 t\u00e9tel. A m\u00e1sodik m\u00f3dos\u00edt\u00f3 t\u00e9telen tudjuk r\u00f6gz\u00edteni a helyesb\u00edt\u00e9st, vagyis p\u00e9ld\u00e1ul a helyes egys\u00e9g\u00e1rat vagy mennyis\u00e9get.<\/span><\/li>\n<li style=\"font-weight: 400\"><b>Ut\u00f3lagos kedvezm\u00e9ny<\/b><span style=\"font-weight: 400\"> sz\u00e1ml\u00e1z\u00e1sa eset\u00e9n az eredeti t\u00e9tel kiv\u00e1laszt\u00e1sa ut\u00e1n egy \u201cUt\u00f3lagos kedvezm\u00e9ny\u201d megnevez\u00e9s\u0171 sor ker\u00fcl a sz\u00e1ml\u00e1ra<\/span><\/li>\n<\/ol>\n<\/li>\n<li style=\"font-weight: 400\"><span style=\"font-weight: 400\">A m\u00f3dos\u00edt\u00f3 t\u00e9tel megjegyz\u00e9s mez\u0151j\u00e9be a szoftver automatikusan felt\u00fcnteti az eredeti t\u00e9tel megnevez\u00e9s\u00e9t, az eredeti bizonylatsz\u00e1mot \u00e9s az eredeti t\u00e9tel sorsz\u00e1m\u00e1t.<\/span><\/li>\n<li style=\"font-weight: 400\"><span style=\"font-weight: 400\">V\u00e9gleges\u00edts\u00fck a m\u00f3dos\u00edt\u00f3 okiratot.<\/span><\/li>\n<\/ol>\n\t\t\t<\/div>\n\t\t<\/div>\n\t\t\t\t<div id=\"qaef-7382\" class=\"qe-faq-toggle nav-online-szamla szamlazas\">\n\t\t\t<div class=\"qe-toggle-title\">\n\t\t\t\t<h4>\n\t\t\t\t\t<i class=\"fa fa-minus-circle\"><\/i> Mi az a sz\u00e1mlal\u00e1ncolat?\t\t\t\t<\/h4>\n\t\t\t<\/div>\n\t\t\t<div class=\"qe-toggle-content\">\n\t\t\t\t<p><span style=\"font-weight: 400\">A NAV Online Sz\u00e1mla Rendszer egy gazdas\u00e1gi esem\u00e9nyhez tartoz\u00f3 sz\u00e1ml\u00e1kat (pl.: ki\u00e1ll\u00edtunk egy sz\u00e1ml\u00e1t \u00e9s ezt m\u00f3dos\u00edtjuk, ak\u00e1r t\u00f6bbsz\u00f6r is) egy l\u00e1ncolatnak, vagyis egym\u00e1shoz tartoz\u00f3 bizonylatokk\u00e9nt \u00e9rtelmezi \u00e9s jelent\u00e9s\u00fcket is \u00edgy v\u00e1rja el. A l\u00e1ncolat tagj\u00e1nak mindig hivatkoznia kell a kor\u00e1bbi bizonylatra, amit \u0151 m\u00f3dos\u00edt vagy sztorn\u00f3z, s\u0151t a jelent\u00e9sben a k\u00e9s\u0151bbi sz\u00e1ml\u00e1k t\u00e9teleinek sorsz\u00e1moz\u00e1sa sem egyt\u0151l indul, hanem az eggyel el\u0151z\u0151 sz\u00e1mla t\u00e9telsz\u00e1m\u00e1nak folytat\u00e1sak\u00e9nt. A NAV sz\u00e1mal\u00e1ncolat fogalma t\u00f6bb m\u0171k\u00f6d\u00e9sbeli megszor\u00edt\u00e1st is eredm\u00e9nyez:<\/span><\/p>\n<ul>\n<li style=\"font-weight: 400\"><span style=\"font-weight: 400\">Nem lehets\u00e9ges a sz\u00e1mlal\u00e1nc egy k\u00e9s\u0151bbi tagj\u00e1t feladni, ha a kor\u00e1bbi l\u00e1nctagok valamelyike nem feladott m\u00e9g<\/span><\/li>\n<li style=\"font-weight: 400\"><span style=\"font-weight: 400\">Az eredeti sz\u00e1mla t\u00e9tel\u00e9nek m\u00f3dos\u00edt\u00e1sa nem t\u00f6rt\u00e9net az eredeti t\u00e9tel cser\u00e9j\u00e9vel, hanem csak \u00fagy, hogy a m\u00f3dos\u00edt\u00f3 sz\u00e1mla \u00c9S az eredeti sz\u00e1mla t\u00e9teleinek egy\u00fcttes hat\u00e1sak\u00e9nt kell a k\u00edv\u00e1nt m\u00f3dos\u00edt\u00e1st eredm\u00e9nyeznie<\/span><\/li>\n<li style=\"font-weight: 400\"><span style=\"font-weight: 400\">Nem aj\u00e1nlott (figyelmeztet\u00e9st ad a NAV) \u00faj m\u00ednusz \u00e9rt\u00e9k\u0171 sz\u00e1ml\u00e1t k\u00e9sz\u00edteni, hanem azt mindig egy kor\u00e1bbi sz\u00e1mla m\u00f3dos\u00edt\u00e1sak\u00e9nt vagy \u00e9rv\u00e9nytelen\u00edt\u00e9sek\u00e9nt r\u00f6gz\u00edteni<\/span><\/li>\n<\/ul>\n<p><span style=\"font-weight: 400\">A sz\u00e1mlal\u00e1ncolat kezel\u00e9s\u00e9re a CobraConto.Net program kiv\u00e1l\u00f3an alkalmas, amennyiben haszn\u00e1ljuk a be\u00e9p\u00edtett <\/span><a href=\"https:\/\/help.cobra.hu\/index.php\/2018\/07\/19\/ervenytelenites-sztornozas-es-modositas\/\"><span style=\"font-weight: 400\">\u00e9rv\u00e9nytelen\u00edt\u00e9s \u00e9s m\u00f3dos\u00edt\u00e1s funkci\u00f3k<\/span><\/a><span style=\"font-weight: 400\">at.<\/span><\/p>\n\t\t\t<\/div>\n\t\t<\/div>\n\t\t\t\t<div id=\"qaef-7397\" class=\"qe-faq-toggle afa beallitasok nav-online-szamla penzugy szamlazas uzemeltetes\">\n\t\t\t<div class=\"qe-toggle-title\">\n\t\t\t\t<h4>\n\t\t\t\t\t<i class=\"fa fa-minus-circle\"><\/i> teszt\t\t\t\t<\/h4>\n\t\t\t<\/div>\n\t\t\t<div class=\"qe-toggle-content\">\n\t\t\t\t<p>teszt<\/p>\n\t\t\t<\/div>\n\t\t<\/div>\n\t\t            <\/div>\n\t\t\n","protected":false},"excerpt":{"rendered":"","protected":false},"author":1,"featured_media":0,"parent":0,"menu_order":0,"comment_status":"closed","ping_status":"closed","template":"","meta":[],"_links":{"self":[{"href":"http:\/\/help.cobra.hu\/index.php\/wp-json\/wp\/v2\/pages\/1636"}],"collection":[{"href":"http:\/\/help.cobra.hu\/index.php\/wp-json\/wp\/v2\/pages"}],"about":[{"href":"http:\/\/help.cobra.hu\/index.php\/wp-json\/wp\/v2\/types\/page"}],"author":[{"embeddable":true,"href":"http:\/\/help.cobra.hu\/index.php\/wp-json\/wp\/v2\/users\/1"}],"replies":[{"embeddable":true,"href":"http:\/\/help.cobra.hu\/index.php\/wp-json\/wp\/v2\/comments?post=1636"}],"version-history":[{"count":15,"href":"http:\/\/help.cobra.hu\/index.php\/wp-json\/wp\/v2\/pages\/1636\/revisions"}],"predecessor-version":[{"id":7394,"href":"http:\/\/help.cobra.hu\/index.php\/wp-json\/wp\/v2\/pages\/1636\/revisions\/7394"}],"wp:attachment":[{"href":"http:\/\/help.cobra.hu\/index.php\/wp-json\/wp\/v2\/media?parent=1636"}],"curies":[{"name":"wp","href":"https:\/\/api.w.org\/{rel}","templated":true}]}}