{"id":3539,"date":"2017-01-16T15:09:46","date_gmt":"2017-01-16T15:09:46","guid":{"rendered":"http:\/\/help.cobra.hu\/?page_id=3539"},"modified":"2023-09-14T06:28:09","modified_gmt":"2023-09-14T06:28:09","slug":"letoltesek","status":"publish","type":"page","link":"https:\/\/help.cobra.hu\/index.php\/letoltesek\/","title":{"rendered":"Let\u00f6lt\u00e9sek"},"content":{"rendered":"<p>&nbsp;<\/p>\n<hr \/>\n<div class=\"bg-margin-for-link\"><input type='hidden' bg_collapse_expand='69ec363e097dd1043891112' value='69ec363e097dd1043891112'><input type='hidden' id='bg-show-more-text-69ec363e097dd1043891112' value='Legfrissebb program telep\u00edt\u00e9se'><input type='hidden' id='bg-show-less-text-69ec363e097dd1043891112' value='Legfrissebb program telep\u00edt\u00e9se'><a id='bg-showmore-action-69ec363e097dd1043891112' class='bg-showmore-plg-link bg-arrow '  style=\" color:#4a4949;;\" href='#'>Legfrissebb program telep\u00edt\u00e9se<\/a><div id='bg-showmore-hidden-69ec363e097dd1043891112' >\n<p>Figyelem, az al\u00e1bbi online telep\u00edt\u0151k mindig az el\u00e9rhet\u0151 legfrissebb CobraConto.Net verzi\u00f3t telep\u00edtik. R\u00e9gebbi telep\u00edt\u0151k\u00e9rt l\u00e1togassa meg a <a href=\"http:\/\/help.cobra.hu\/index.php\/ccn-verziok\/\">CCN verzi\u00f3k<\/a>\u00a0aloldalt.<\/p>\n<p>&nbsp;<\/p>\n<table class=\" aligncenter\" style=\"height: 332px; border-color: #ffffff; background-color: #ffffff;\" border=\"0\" width=\"454\" cellpadding=\"0\">\n<tbody>\n<tr>\n<td>\n<h5><strong>Megnevez\u00e9s<\/strong><\/h5>\n<\/td>\n<td style=\"text-align: center;\">\n<h5><strong>Let\u00f6lt\u00e9s linkje<\/strong><\/h5>\n<\/td>\n<\/tr>\n<tr>\n<td style=\"text-align: left; vertical-align: middle;\"><strong>Kliens + futtat\u00e1si k\u00f6rnyezet telep\u00edt\u0151<\/strong><\/td>\n<td><a href=\"https:\/\/ftp.cobra.hu\/install\/ccn\/ccn_client_hu_online_setup.exe\" target=\"_blank\" rel=\"http:\/\/ftp.cobra.hu\/\/install\/v3.06.1\/ccn\/ccn_client_hu_online_setup.exe noopener\"><img loading=\"lazy\" class=\"aligncenter wp-image-2480\" title=\"0:\/install\/v3.06.1\/ccn\/\" src=\"http:\/\/help.cobra.hu\/wp-content\/uploads\/2015\/10\/Button-Download-01.png\" alt=\"http:\/\/ftp.cobra.hu\/\/install\/v3.06.1\/ccn\/ccn_client_hu_online_setup.exe\" width=\"71\" height=\"71\" srcset=\"https:\/\/help.cobra.hu\/wp-content\/uploads\/2015\/10\/Button-Download-01.png 256w, https:\/\/help.cobra.hu\/wp-content\/uploads\/2015\/10\/Button-Download-01-150x150.png 150w, https:\/\/help.cobra.hu\/wp-content\/uploads\/2015\/10\/Button-Download-01-250x250.png 250w\" sizes=\"(max-width: 71px) 100vw, 71px\" \/><\/a><\/td>\n<\/tr>\n<tr>\n<td style=\"text-align: left; vertical-align: middle;\"><strong>Futtat\u00e1si k\u00f6rnyezet telep\u00edt\u0151<\/strong><\/td>\n<td><a href=\"https:\/\/ftp.cobra.hu\/install\/ccn\/ccn_cfg_hu_online_setup.exe\" target=\"_blank\" rel=\"http:\/\/ftp.cobra.hu\/\/install\/v3.06.1\/ccn\/ccn_cfg_hu_online_setup.exe noopener\"><img loading=\"lazy\" class=\"aligncenter wp-image-2480\" src=\"http:\/\/help.cobra.hu\/wp-content\/uploads\/2015\/10\/Button-Download-01.png\" alt=\"http:\/\/ftp.cobra.hu\/\/install\/v3.06.1\/ccn\/ccn_cfg_hu_online_setup.exe\" width=\"71\" height=\"71\" srcset=\"https:\/\/help.cobra.hu\/wp-content\/uploads\/2015\/10\/Button-Download-01.png 256w, https:\/\/help.cobra.hu\/wp-content\/uploads\/2015\/10\/Button-Download-01-150x150.png 150w, https:\/\/help.cobra.hu\/wp-content\/uploads\/2015\/10\/Button-Download-01-250x250.png 250w\" sizes=\"(max-width: 71px) 100vw, 71px\" \/><\/a><\/td>\n<\/tr>\n<tr>\n<td style=\"text-align: left; vertical-align: middle;\"><strong>Teljes telep\u00edt\u0151 + SQL Server<\/strong><\/td>\n<td><a href=\"https:\/\/ftp.cobra.hu\/install\/ccn\/ccn_full_hu_online_setup.exe\" target=\"_blank\" rel=\"http:\/\/ftp.cobra.hu\/\/install\/v3.06.1\/ccn\/ccn_full_hu_online_setup.exe noopener\"><img loading=\"lazy\" class=\"aligncenter wp-image-2480\" src=\"http:\/\/help.cobra.hu\/wp-content\/uploads\/2015\/10\/Button-Download-01.png\" alt=\"http:\/\/ftp.cobra.hu\/\/install\/v3.06.1\/ccn\/ccn_full_hu_online_setup.exe\" width=\"71\" height=\"71\" srcset=\"https:\/\/help.cobra.hu\/wp-content\/uploads\/2015\/10\/Button-Download-01.png 256w, https:\/\/help.cobra.hu\/wp-content\/uploads\/2015\/10\/Button-Download-01-150x150.png 150w, https:\/\/help.cobra.hu\/wp-content\/uploads\/2015\/10\/Button-Download-01-250x250.png 250w\" sizes=\"(max-width: 71px) 100vw, 71px\" \/><\/a><\/td>\n<\/tr>\n<\/tbody>\n<\/table>\n<p>&nbsp;<\/p>\n<p>&nbsp;<\/p>\n<\/div><\/div>\n<hr \/>\n<div class=\"bg-margin-for-link\"><input type='hidden' bg_collapse_expand='69ec363e0982f4091428427' value='69ec363e0982f4091428427'><input type='hidden' id='bg-show-more-text-69ec363e0982f4091428427' value='Aktu\u00e1lis programverzi\u00f3 komponenseinek list\u00e1ja'><input type='hidden' id='bg-show-less-text-69ec363e0982f4091428427' value='Aktu\u00e1lis programverzi\u00f3 komponenseinek list\u00e1ja'><a id='bg-showmore-action-69ec363e0982f4091428427' class='bg-showmore-plg-link bg-arrow '  style=\" color:#4a4949;;\" href='#'>Aktu\u00e1lis programverzi\u00f3 komponenseinek list\u00e1ja<\/a><div id='bg-showmore-hidden-69ec363e0982f4091428427' >\n<ul>\n<li><a href=\"http:\/\/ftp.cobra.hu\/ccn\/ccn100hu\/updaterlist.html?a=x64&amp;e=repo\" target=\"_blank\" rel=\"noopener\">64 bites kliens komponensei<\/a><\/li>\n<li><a href=\"http:\/\/ftp.cobra.hu\/ccn\/ccn100hu\/updaterlist.html?a=x86&amp;e=repo\" target=\"_blank\" rel=\"noopener\">32 bites kliens komponensei<\/a><\/li>\n<\/ul>\n<\/div><\/div>\n<hr \/>\n<div class=\"bg-margin-for-link\"><input type='hidden' bg_collapse_expand='69ec363e098777018029616' value='69ec363e098777018029616'><input type='hidden' id='bg-show-more-text-69ec363e098777018029616' value='A program futtat\u00e1s\u00e1hoz sz\u00fcks\u00e9ges komponensek (f\u00fcgg\u0151s\u00e9gek)'><input type='hidden' id='bg-show-less-text-69ec363e098777018029616' value='A program futtat\u00e1s\u00e1hoz sz\u00fcks\u00e9ges komponensek (f\u00fcgg\u0151s\u00e9gek)'><a id='bg-showmore-action-69ec363e098777018029616' class='bg-showmore-plg-link bg-arrow '  style=\" color:#4a4949;;\" href='#'>A program futtat\u00e1s\u00e1hoz sz\u00fcks\u00e9ges komponensek (f\u00fcgg\u0151s\u00e9gek)<\/a><div id='bg-showmore-hidden-69ec363e098777018029616' >\n<ul>\n<li><a href=\"http:\/\/ftp.cobra.hu\/ccn\/redist\/dotnetfx35.exe\">.Net 35 SP1<\/a>\u00a0keretrendszer 0.67-es CobraConto.Net verzi\u00f3ig<\/li>\n<li><a href=\"http:\/\/ftp.cobra.hu\/ccn\/redist\/dotNetFx40_Full_x86_x64.exe\">.Net 4<\/a>\u00a0keretrendszer 2015-\u00f6s CobraConto.Net verzi\u00f3t\u00f3l<\/li>\n<li><a href=\"https:\/\/download.microsoft.com\/download\/2\/A\/5\/2A5260C3-4143-47D8-9823-E91BB0121F94\/SQLEXPR_x64_ENU.exe\">MSSQL Server 2014 Express SP2 x64<\/a>: \u00daj telep\u00edt\u00e9sek eset\u00e9n Windows 7-t\u0151l\u00a064\u00a0bites k\u00f6rnyezetben<\/li>\n<li><a href=\"https:\/\/download.microsoft.com\/download\/2\/A\/5\/2A5260C3-4143-47D8-9823-E91BB0121F94\/SQLEXPR_x86_ENU.exe\">MSSQL Server 2014 Express SP2 x86<\/a>: \u00daj telep\u00edt\u00e9sek eset\u00e9n Windows 7-t\u0151l 32 bites k\u00f6rnyezetben<\/li>\n<li><a href=\"http:\/\/ftp.cobra.hu\/ccn\/redist\/ReportViewer.exe\">RDLC runtime<\/a>\u00a0riport futtat\u00e1si k\u00f6rnyezet<\/li>\n<li><a href=\"https:\/\/ftp.cobra.hu\/ccn\/redist\/CRRuntime_64bit_13_0_12.msi\">64 bites Crystal Report for VS 2013<\/a> 13_0_12 riport futtat\u00e1si k\u00f6rnyezet<\/li>\n<li><a href=\"https:\/\/ftp.cobra.hu\/ccn\/redist\/CRRuntime_32bit_13_0_12.msi\">32 bites Crystal Report for VS 2013<\/a> 13_0_12 riport futtat\u00e1si k\u00f6rnyezet<\/li>\n<li><a href=\"https:\/\/ftp.cobra.hu\/ccn\/redist\/CRRuntime_64bit_13_0_29.msi\">64 bites Crystal Report for VS 2013<\/a> <strong>13_0_29<\/strong> riport futtat\u00e1si k\u00f6rnyezet<\/li>\n<li><a href=\"https:\/\/ftp.cobra.hu\/ccn\/redist\/CRRuntime_32bit_13_0_29.msi\">32 bites Crystal Report for VS 2013<\/a> <strong>13_0_29<\/strong> riport futtat\u00e1si k\u00f6rnyezet<\/li>\n<li><a href=\"https:\/\/ftp.cobra.hu\/ccn\/redist\/TeamViewerQSCobra.15.exe\">Teamviewer 15<\/a>\u00a0t\u00e1voli el\u00e9r\u00e9s program<\/li>\n<\/ul>\n<\/div><\/div>\n<hr \/>\n<div class=\"bg-margin-for-link\"><input type='hidden' bg_collapse_expand='69ec363e098b90003317901' value='69ec363e098b90003317901'><input type='hidden' id='bg-show-more-text-69ec363e098b90003317901' value='Szerveroldali alkalmaz\u00e1sok'><input type='hidden' id='bg-show-less-text-69ec363e098b90003317901' value='F\u00e1jlcsatolm\u00e1ny archiv\u00e1l\u00e1s'><a id='bg-showmore-action-69ec363e098b90003317901' class='bg-showmore-plg-link bg-arrow '  style=\" color:#4a4949;;\" href='#'>Szerveroldali alkalmaz\u00e1sok<\/a><div id='bg-showmore-hidden-69ec363e098b90003317901' >\n<ul>\n<li><a href=\"https:\/\/ftp.cobra.hu\/ccn\/Cobra.Filestore.Archiver_x64.zip\">CobraConto.Net F\u00e1jlcsatolm\u00e1ny Archiv\u00e1l\u00f3 (64 bites)<\/a><\/li>\n<li><a href=\"https:\/\/ftp.cobra.hu\/ccn\/Cobra.Filestore.Archiver_x86.zip\">CobraConto.Net F\u00e1jlcsatolm\u00e1ny Archiv\u00e1l\u00f3 (32 bites)<\/a><\/li>\n<\/ul>\n<\/div><\/div>\n<hr \/>\n<div class=\"bg-margin-for-link\"><input type='hidden' bg_collapse_expand='69ec363e098f13043218348' value='69ec363e098f13043218348'><input type='hidden' id='bg-show-more-text-69ec363e098f13043218348' value='CobraUpdater'><input type='hidden' id='bg-show-less-text-69ec363e098f13043218348' value='CobraUpdater'><a id='bg-showmore-action-69ec363e098f13043218348' class='bg-showmore-plg-link bg-arrow '  style=\" color:#4a4949;;\" href='#'>CobraUpdater<\/a><div id='bg-showmore-hidden-69ec363e098f13043218348' >\n<ul>\n<li><a href=\"https:\/\/ftp.cobra.hu\/ccn\/ccn100hu\/updater\/Cobra.Updater.zip\">CobraUpdater<\/a><\/li>\n<li><a href=\"https:\/\/ftp.cobra.hu\/ccn\/ccn100hu\/updater\/Cobra.Updater.full.zip\" rel=\"noopener\">CobraUpdater ocx f\u00e1jlokkal<\/a><\/li>\n<\/ul>\n<\/div><\/div>\n<hr \/>\n<div class=\"bg-margin-for-link\"><input type='hidden' bg_collapse_expand='69ec363e099269044429450' value='69ec363e099269044429450'><input type='hidden' id='bg-show-more-text-69ec363e099269044429450' value='.NET verzi\u00f3 ellen\u0151rz\u0151'><input type='hidden' id='bg-show-less-text-69ec363e099269044429450' value='.NET verzi\u00f3 ellen\u0151rz\u0151'><a id='bg-showmore-action-69ec363e099269044429450' class='bg-showmore-plg-link bg-arrow '  style=\" color:#4a4949;;\" href='#'>.NET verzi\u00f3 ellen\u0151rz\u0151<\/a><div id='bg-showmore-hidden-69ec363e099269044429450' >\n<ul>\n<li><a href=\"https:\/\/ftp.cobra.hu\/files\/CheckDotNet.exe\">.NET verzi\u00f3 ellen\u0151rz\u0151<\/a><\/li>\n<\/ul>\n<\/div><\/div>\n<hr \/>\n<p>&nbsp;<\/p>\n","protected":false},"excerpt":{"rendered":"<p>&nbsp; &nbsp;<\/p>\n","protected":false},"author":1,"featured_media":0,"parent":0,"menu_order":0,"comment_status":"closed","ping_status":"closed","template":"","meta":[],"_links":{"self":[{"href":"https:\/\/help.cobra.hu\/index.php\/wp-json\/wp\/v2\/pages\/3539"}],"collection":[{"href":"https:\/\/help.cobra.hu\/index.php\/wp-json\/wp\/v2\/pages"}],"about":[{"href":"https:\/\/help.cobra.hu\/index.php\/wp-json\/wp\/v2\/types\/page"}],"author":[{"embeddable":true,"href":"https:\/\/help.cobra.hu\/index.php\/wp-json\/wp\/v2\/users\/1"}],"replies":[{"embeddable":true,"href":"https:\/\/help.cobra.hu\/index.php\/wp-json\/wp\/v2\/comments?post=3539"}],"version-history":[{"count":51,"href":"https:\/\/help.cobra.hu\/index.php\/wp-json\/wp\/v2\/pages\/3539\/revisions"}],"predecessor-version":[{"id":7494,"href":"https:\/\/help.cobra.hu\/index.php\/wp-json\/wp\/v2\/pages\/3539\/revisions\/7494"}],"wp:attachment":[{"href":"https:\/\/help.cobra.hu\/index.php\/wp-json\/wp\/v2\/media?parent=3539"}],"curies":[{"name":"wp","href":"https:\/\/api.w.org\/{rel}","templated":true}]}}