{"id":3943,"date":"2018-06-15T07:21:16","date_gmt":"2018-06-15T07:21:16","guid":{"rendered":"http:\/\/help.cobra.hu\/?page_id=3943"},"modified":"2020-11-26T11:17:48","modified_gmt":"2020-11-26T11:17:48","slug":"online-szamla-rendszer","status":"publish","type":"page","link":"https:\/\/help.cobra.hu\/index.php\/online-szamla-rendszer\/","title":{"rendered":"Online Sz\u00e1mla Rendszer"},"content":{"rendered":"<h3><span style=\"color: #ff0000;\"><strong>NAV Online Sz\u00e1mla 3.0: kezdje el a felk\u00e9sz\u00fcl\u00e9st!<\/strong><\/span><\/h3>\n<p><span style=\"color: #ff0000;\"><strong>2021. janu\u00e1r 1<\/strong><\/span>\u00a0az a d\u00e1tum, amely id\u0151pontt\u00f3l m\u00e1r minden sz\u00e1mla\u00a0adatszolg\u00e1ltat\u00e1sra k\u00f6telezett\u00e9 v\u00e1lik, ett\u0151l az id\u0151pontt\u00f3l szinte nincs kiv\u00e9tel vev\u0151i k\u00f6rre, \u00e9rt\u00e9khat\u00e1rra vagy\u00a0egy\u00e9b m\u00e1s megk\u00f6t\u00e9sre.\u00a0A NAV \u00e1ltal 2021.01.01-t\u0151l\u00a0elv\u00e1rt\u00a03.0-\u00e1s adatszolg\u00e1ltat\u00e1st a\u00a0<strong>2020.8-as verzi\u00f3<\/strong>t\u00f3l t\u00e1mogatja a CobraConto.Net program.<\/p>\n<p style=\"text-align: left;\">NAV t\u00e1j\u00e9koztat\u00f3 a legfontosabb tudnival\u00f3kr\u00f3l:\u00a0<a href=\"https:\/\/www.nav.gov.hu\/data\/cms532501\/Czondor_Szabolcs___Online_Szamla_3.0.pdf\">https:\/\/www.nav.gov.hu\/data\/cms532501\/Czondor_Szabolcs___Online_Szamla_3.0.pdf<\/a><\/p>\n<p><strong>2021-t\u0151l az al\u00e1bbi vev\u0151i csoportokat lehet elk\u00fcl\u00f6n\u00edteni az adatszolg\u00e1ltat\u00e1sban:<\/strong><\/p>\n<ul>\n<li><strong>Belf\u00f6ldi vagy k\u00f6z\u00f6ss\u00e9gi ad\u00f3alany vev\u0151<\/strong>: ebben az esetben a n\u00e9v, c\u00edm \u00e9s ad\u00f3sz\u00e1m (k\u00f6z\u00f6ss\u00e9gi vev\u0151n\u00e9l k\u00f6z\u00f6ss\u00e9gi ad\u00f3sz\u00e1m) k\u00f6telez\u0151 a sz\u00e1ml\u00e1n \u00e9s az adatszolg\u00e1ltat\u00e1sban.<\/li>\n<li><strong>Nem k\u00f6z\u00f6ss\u00e9gi ad\u00f3alany vev\u0151<\/strong>: a n\u00e9v, c\u00edm k\u00f6telez\u0151, az ad\u00f3sz\u00e1m pedig nem k\u00f6telez\u0151, de lehets\u00e9ges felt\u00fcntetni a sz\u00e1ml\u00e1n \u00e9s az adatszolg\u00e1ltat\u00e1sban is.<\/li>\n<li><strong>Nem ad\u00f3alany \u00e9s nem mag\u00e1nszem\u00e9ly vev\u0151<\/strong>: a n\u00e9v \u00e9s a c\u00edm felt\u00fcntet\u00e9se k\u00f6telez\u0151 a sz\u00e1ml\u00e1n \u00e9s az adat szolg\u00e1ltat\u00e1sban is. Ebbe a kateg\u00f3ri\u00e1ba tartoznak p\u00e9ld\u00e1ul a gazdas\u00e1gi tev\u00e9kenys\u00e9get nem folytat\u00f3 t\u00e1rsash\u00e1zak, egyes\u00fcletek, alap\u00edtv\u00e1nyok, kiz\u00e1r\u00f3lag k\u00f6z hatalmi tev\u00e9kenys\u00e9get v\u00e9gz\u0151 test\u00fcletek.<\/li>\n<li><strong>Mag\u00e1nszem\u00e9ly vev\u0151<\/strong>: a n\u00e9v \u00e9s a c\u00edm felt\u00fcntet\u00e9se k\u00f6telez\u0151 a sz\u00e1ml\u00e1n, az adatszolg\u00e1ltat\u00e1sban viszont nem lehet benne<\/li>\n<\/ul>\n<p>&nbsp;<\/p>\n<p>A jogszab\u00e1lyi v\u00e1ltoz\u00e1s adat struktur\u00e1lis v\u00e1ltoz\u00e1sokat is jelent, mely<span style=\"color: #ff0000;\"><strong>\u00a0a sz\u00e1ml\u00e1z\u00e1s sor\u00e1n haszn\u00e1lt\u00a0<a href=\"http:\/\/help.cobra.hu\/index.php\/2015\/09\/09\/afa-kulcsok\/\">\u00c1FA kulcsok<\/a>hoz val\u00f3 extra adatok megad\u00e1s\u00e1t<\/strong><\/span>\u00a0jelenti. En\u00e9lk\u00fcl nem fog tudni a program 3.0-\u00e1s adatszolg\u00e1ltat\u00e1st v\u00e9gezni.<\/p>\n<p><span style=\"color: #ff0000;\"><strong>K\u00e9rj\u00fck, figyelmesen olvassa el \u00e9s \u00e9rtelmezze\u00a0 bejegyz\u00e9s\u00fcnket: <a href=\"http:\/\/help.cobra.hu\/index.php\/2020\/11\/26\/atallas-az-online-szamla-rendszer-3-0-verziora\/\">\u00c1t\u00e1ll\u00e1s az Online Sz\u00e1mla Rendszer 3.0 verzi\u00f3ra<\/a><\/strong><\/span><\/p>\n<p>&nbsp;<\/p>\n<input type='hidden' bg_collapse_expand='69e5dd8d6a1863089976901' value='69e5dd8d6a1863089976901'><input type='hidden' id='bg-show-more-text-69e5dd8d6a1863089976901' value='\u00c1t\u00e1ll\u00e1s az Online Sz\u00e1mla Rendszer 2.0 verzi\u00f3ra (elavult)'><input type='hidden' id='bg-show-less-text-69e5dd8d6a1863089976901' value='\u00d6sszez\u00e1r'><button id='bg-showmore-action-69e5dd8d6a1863089976901' class='bg-showmore-plg-button bg-blue-button bg-arrow '   style=\" color:#ffff;\">\u00c1t\u00e1ll\u00e1s az Online Sz\u00e1mla Rendszer 2.0 verzi\u00f3ra (elavult)<\/button><div id='bg-showmore-hidden-69e5dd8d6a1863089976901' >\n<p>A NAV \u00e1ltal 2020.04.01-t\u0151l aj\u00e1nlott (2020.07.01-t\u0151l pedig kiz\u00e1r\u00f3lagosan elv\u00e1rt) 2.0-\u00e1s adatszolg\u00e1ltat\u00e1st a <strong><a href=\"http:\/\/help.cobra.hu\/index.php\/2020\/03\/25\/cobraconto-net-2020-2-verzio-valtozasnaplo\/\">2020.2-es verzi\u00f3<\/a><\/strong>t\u00f3l t\u00e1mogatja a CobraConto.Net program.<\/p>\n<p>Amennyiben m\u00e9g nem friss\u00edtett, tegye meg az al\u00e1bbi le\u00edr\u00e1sok k\u00f6z\u00fcl az \u00d6n szervezet\u00e9sre vonatkoz\u00f3t v\u00e9grehajtva:<\/p>\n<ol>\n<li><a href=\"http:\/\/help.cobra.hu\/index.php\/2020\/03\/24\/frissites-a-2020-2-es-verziora-1-felhasznalos-rendszer-eseten\/\">1 felhaszn\u00e1l\u00f3s program eset\u00e9n<\/a><\/li>\n<li><a href=\"http:\/\/help.cobra.hu\/index.php\/2020\/03\/31\/frissites-a-2020-2-es-verziora-tobb-felhasznalos-rendszer-eseten\/\">T\u00f6bb felhaszn\u00e1l\u00f3s program eset\u00e9n<\/a><\/li>\n<\/ol>\n<p>&nbsp;<\/p>\n<p>Weboldalunkon k\u00e9t bejegyz\u00e9sben foglalkozunk a t\u00e9m\u00e1val:<\/p>\n<ul>\n<li><strong><a href=\"http:\/\/help.cobra.hu\/index.php\/2020\/03\/23\/online-szamla-rendszer-kezelese\/\">NAV Online sz\u00e1ml\u00e1z\u00e1s be\u00e1ll\u00edt\u00e1sa, m\u0171k\u00f6d\u00e9se<\/a>\u00a0(Friss\u00edtve: 2020.03.31)<\/strong><\/li>\n<li><strong><a href=\"http:\/\/help.cobra.hu\/index.php\/2018\/07\/19\/ervenytelenites-sztornozas-es-modositas\/\">\u00c9rv\u00e9nytelen\u00edt\u00e9s (sztorn\u00f3z\u00e1s) \u00e9s m\u00f3dos\u00edt\u00e1s a NAV k\u00f6vetelm\u00e9nyeinek megfelel\u0151en<\/a>\u00a0(Friss\u00edtve: 2020.03.25)<\/strong><\/li>\n<\/ul>\n<p>&nbsp;<\/p>\n<p>Kor\u00e1bban megjelent inform\u00e1ci\u00f3k<\/p>\n<p>Figyelem!<\/p>\n<p>A 2019 m\u00e1jus\u00e1t\u00f3l elv\u00e1rt 1.1-es friss\u00edtett szabv\u00e1ny szerinti adatszolg\u00e1ltat\u00e1st a program a <strong>2019.4<\/strong>-es verzi\u00f3t\u00f3l t\u00e1mogatja!<\/p>\n<p>A 2019. \u00e1prilis 29-t\u0151l elv\u00e1rt TLS 1.2 protokollt a\u00a0program a\u00a0<strong>2019.5<\/strong>-\u00f6s verzi\u00f3t\u00f3l t\u00e1mogatja! Friss\u00edt\u00e9s el\u0151tt ellen\u0151rizze, hogy sz\u00e1m\u00edt\u00f3g\u00e9p\u00e9n a Microsoft<strong> .NET-keretrendszer 4.5<\/strong>-\u00f6s verzi\u00f3ja telep\u00edtve van-e. Amennyiben nincs, k\u00e9rj\u00fck telep\u00edtse!<\/p>\n<p style=\"text-align: left;\">A verzi\u00f3 le\u00edr\u00e1sa a be\u00e1ll\u00edt\u00e1si \u00e9s haszn\u00e1lati \u00fatmutat\u00f3val itt t\u00f6lthet\u0151 le:\u00a0<a href=\"http:\/\/help.cobra.hu\/wp-content\/uploads\/2018\/06\/v2018.4.pdf\" target=\"_blank\">http:\/\/help.cobra.hu\/wp-content\/uploads\/2018\/06\/v2018.4.pdf<\/a><\/p>\n<p style=\"text-align: left;\">Az Online Sz\u00e1mla Rendszer jogi h\u00e1tter\u00e9r\u0151l itt olvashat:\u00a0<a href=\"http:\/\/help.cobra.hu\/wp-content\/uploads\/2018\/06\/online_szamla_jogi_hattere.pdf\" target=\"_blank\">http:\/\/help.cobra.hu\/wp-content\/uploads\/2018\/06\/online_szamla_jogi_hattere.pdf<\/a><\/p>\n<p style=\"text-align: left;\">K\u00fcls\u0151 szak\u00e9rt\u0151k \u00e1ltal k\u00e9sz\u00edtett r\u00f6vid t\u00e1j\u00e9koztat\u00f3:\u00a0<a href=\"http:\/\/help.cobra.hu\/wp-content\/uploads\/2018\/06\/online_szamla_kisokos_2018_06_04_v1.pdf\" target=\"_blank\">http:\/\/help.cobra.hu\/wp-content\/uploads\/2018\/06\/online_szamla_kisokos_2018_06_04_v1.pdf<\/a><\/p>\n<p>&nbsp;<\/p>\n<p>Az Online Sz\u00e1mla rendszerben az adatszolg\u00e1ltat\u00e1si k\u00f6telezetts\u00e9g teljes\u00edt\u00e9s\u00e9nek <strong>el\u0151felt\u00e9telek\u00e9nt<\/strong> sz\u00fcks\u00e9ges a regisztr\u00e1ci\u00f3.<br \/>\nAz Nemzeti Ad\u00f3- \u00e9s V\u00e1mhivatal lehet\u0151s\u00e9get biztos\u00edt a sz\u00e1mlak\u00fcld\u00e9s tesztel\u00e9s\u00e9re, mely informatikai rendszer haszn\u00e1lat\u00e1hoz el\u0151felt\u00e9tel az ad\u00f3z\u00f3 regisztr\u00e1ci\u00f3ja. Ezen k\u00f6telezetts\u00e9g teljes\u00edt\u00e9s\u00e9re szolg\u00e1l\u00f3 elektronikus tesztfel\u00fclet a https:\/\/onlineszamla-test.nav.gov.hu\/ oldalon tal\u00e1lhat\u00f3.<br \/>\n<strong>Mindenk\u00e9ppen javasoljuk \u00fcgyfeleinknek, hogy a 2018 j\u00falius 1-t\u0151l t\u00f6rt\u00e9n\u0151 \u00e9les haszn\u00e1lat el\u0151tt tesztelje sz\u00e1ml\u00e1z\u00e1s\u00e1t, illetve az online funkci\u00f3t!<\/strong><\/p>\n<p>A teszt rendszerbe t\u00f6rt\u00e9n\u0151 regisztr\u00e1ci\u00f3r\u00f3l a tudnival\u00f3kat itt olvashatja:\u00a0<a href=\"http:\/\/help.cobra.hu\/wp-content\/uploads\/2018\/06\/regisztracio_feltetelei.pdf\" target=\"_blank\">http:\/\/help.cobra.hu\/wp-content\/uploads\/2018\/06\/regisztracio_feltetelei.pdf<\/a><\/p>\n<\/div>\n<div id=\"gtx-trans\" style=\"position: absolute; left: 307px; top: 76.5312px;\"><\/div>\n","protected":false},"excerpt":{"rendered":"<p>NAV Online Sz\u00e1mla 3.0: kezdje el a felk\u00e9sz\u00fcl\u00e9st! 2021. janu\u00e1r 1\u00a0az a d\u00e1tum, amely id\u0151pontt\u00f3l m\u00e1r minden sz\u00e1mla\u00a0adatszolg\u00e1ltat\u00e1sra k\u00f6telezett\u00e9 v\u00e1lik, ett\u0151l az id\u0151pontt\u00f3l szinte nincs kiv\u00e9tel vev\u0151i k\u00f6rre, \u00e9rt\u00e9khat\u00e1rra vagy\u00a0egy\u00e9b m\u00e1s megk\u00f6t\u00e9sre.\u00a0A NAV \u00e1ltal 2021.01.01-t\u0151l\u00a0elv\u00e1rt\u00a03.0-\u00e1s adatszolg\u00e1ltat\u00e1st a\u00a02020.8-as verzi\u00f3t\u00f3l t\u00e1mogatja a CobraConto.Net program. NAV t\u00e1j\u00e9koztat\u00f3 a legfontosabb tudnival\u00f3kr\u00f3l:\u00a0https:\/\/www.nav.gov.hu\/data\/cms532501\/Czondor_Szabolcs___Online_Szamla_3.0.pdf 2021-t\u0151l az al\u00e1bbi vev\u0151i csoportokat lehet elk\u00fcl\u00f6n\u00edteni az adatszolg\u00e1ltat\u00e1sban: Belf\u00f6ldi vagy k\u00f6z\u00f6ss\u00e9gi ad\u00f3alany vev\u0151: ebben az esetben a n\u00e9v, c\u00edm \u00e9s ad\u00f3sz\u00e1m (k\u00f6z\u00f6ss\u00e9gi vev\u0151n\u00e9l k\u00f6z\u00f6ss\u00e9gi ad\u00f3sz\u00e1m) k\u00f6telez\u0151 a [&hellip;]<\/p>\n","protected":false},"author":1,"featured_media":0,"parent":0,"menu_order":0,"comment_status":"closed","ping_status":"closed","template":"","meta":[],"_links":{"self":[{"href":"https:\/\/help.cobra.hu\/index.php\/wp-json\/wp\/v2\/pages\/3943"}],"collection":[{"href":"https:\/\/help.cobra.hu\/index.php\/wp-json\/wp\/v2\/pages"}],"about":[{"href":"https:\/\/help.cobra.hu\/index.php\/wp-json\/wp\/v2\/types\/page"}],"author":[{"embeddable":true,"href":"https:\/\/help.cobra.hu\/index.php\/wp-json\/wp\/v2\/users\/1"}],"replies":[{"embeddable":true,"href":"https:\/\/help.cobra.hu\/index.php\/wp-json\/wp\/v2\/comments?post=3943"}],"version-history":[{"count":21,"href":"https:\/\/help.cobra.hu\/index.php\/wp-json\/wp\/v2\/pages\/3943\/revisions"}],"predecessor-version":[{"id":4016,"href":"https:\/\/help.cobra.hu\/index.php\/wp-json\/wp\/v2\/pages\/3943\/revisions\/4016"}],"wp:attachment":[{"href":"https:\/\/help.cobra.hu\/index.php\/wp-json\/wp\/v2\/media?parent=3943"}],"curies":[{"name":"wp","href":"https:\/\/api.w.org\/{rel}","templated":true}]}}