{"id":7696,"date":"2023-12-14T09:09:03","date_gmt":"2023-12-14T09:09:03","guid":{"rendered":"https:\/\/help.cobra.hu\/?page_id=7696"},"modified":"2023-12-14T09:10:48","modified_gmt":"2023-12-14T09:10:48","slug":"webinariumok","status":"publish","type":"page","link":"https:\/\/help.cobra.hu\/index.php\/webinariumok\/","title":{"rendered":"Webin\u00e1riumok"},"content":{"rendered":"\n\n<div class=\"su-posts su-posts-default-loop\">\n\n\t\n\t\t\n\t\t\t<div id=\"su-post-9137\" class=\"su-post\">\n\n\t\t\t\t\n\t\t\t\t<h2 class=\"su-post-title\"><a href=\"https:\/\/help.cobra.hu\/index.php\/2025\/09\/16\/webinarium-10-3\/\">V\u00e9dett: Webin\u00e1rium 10\/3: Gy\u0171jt\u0151 \u00f6sszes\u00edt\u0151<\/a><\/h2>\n\n\t\t\t\t<div class=\"su-post-meta\">\n\t\t\t\t\tD\u00e1tum: 2025.09.16.\t\t\t\t<\/div>\n\n<div class=\"su-post-content\">\n\t\t\t\t\t\t\t<form action=\"https:\/\/help.cobra.hu\/wp-login.php?action=postpass\" class=\"post-password-form\" method=\"post\">\n<p>Ez a tartalom jelsz\u00f3val v\u00e9dett, megtekint\u00e9s\u00e9hez alul meg kell adni a jelsz\u00f3t:<\/p>\n<p><label for=\"pwbox-9137\">Jelsz\u00f3: <input name=\"post_password\" id=\"pwbox-9137\" type=\"password\" size=\"20\" \/><\/label> <input type=\"submit\" name=\"Submit\" value=\"K\u00fcld\u00e9s\" \/><\/p>\n<\/form>\n\t\t\t\t\t\t<\/div>\n\n\t\t\t\t\n\t\t\t<\/div>\n\n\t\t\n\t\t\t<div id=\"su-post-9135\" class=\"su-post\">\n\n\t\t\t\t\n\t\t\t\t<h2 class=\"su-post-title\"><a href=\"https:\/\/help.cobra.hu\/index.php\/2025\/09\/16\/webinarium-10-2\/\">V\u00e9dett: Webin\u00e1rium 10\/2: \u00c1FA \u00e1ttekint\u0151<\/a><\/h2>\n\n\t\t\t\t<div class=\"su-post-meta\">\n\t\t\t\t\tD\u00e1tum: 2025.09.16.\t\t\t\t<\/div>\n\n<div class=\"su-post-content\">\n\t\t\t\t\t\t\t<form action=\"https:\/\/help.cobra.hu\/wp-login.php?action=postpass\" class=\"post-password-form\" method=\"post\">\n<p>Ez a tartalom jelsz\u00f3val v\u00e9dett, megtekint\u00e9s\u00e9hez alul meg kell adni a jelsz\u00f3t:<\/p>\n<p><label for=\"pwbox-9135\">Jelsz\u00f3: <input name=\"post_password\" id=\"pwbox-9135\" type=\"password\" size=\"20\" \/><\/label> <input type=\"submit\" name=\"Submit\" value=\"K\u00fcld\u00e9s\" \/><\/p>\n<\/form>\n\t\t\t\t\t\t<\/div>\n\n\t\t\t\t\n\t\t\t<\/div>\n\n\t\t\n\t\t\t<div id=\"su-post-9131\" class=\"su-post\">\n\n\t\t\t\t\n\t\t\t\t<h2 class=\"su-post-title\"><a href=\"https:\/\/help.cobra.hu\/index.php\/2025\/09\/16\/webinarium-10-1-fokonyv-attekinto\/\">V\u00e9dett: Webin\u00e1rium 10\/1: Vev\u0151 \u00e9s sz\u00e1ll\u00edt\u00f3 anlitika vs F\u0151k\u00f6nyv \u00e1ttekint\u0151<\/a><\/h2>\n\n\t\t\t\t<div class=\"su-post-meta\">\n\t\t\t\t\tD\u00e1tum: 2025.09.16.\t\t\t\t<\/div>\n\n<div class=\"su-post-content\">\n\t\t\t\t\t\t\t<form action=\"https:\/\/help.cobra.hu\/wp-login.php?action=postpass\" class=\"post-password-form\" method=\"post\">\n<p>Ez a tartalom jelsz\u00f3val v\u00e9dett, megtekint\u00e9s\u00e9hez alul meg kell adni a jelsz\u00f3t:<\/p>\n<p><label for=\"pwbox-9131\">Jelsz\u00f3: <input name=\"post_password\" id=\"pwbox-9131\" type=\"password\" size=\"20\" \/><\/label> <input type=\"submit\" name=\"Submit\" value=\"K\u00fcld\u00e9s\" \/><\/p>\n<\/form>\n\t\t\t\t\t\t<\/div>\n\n\t\t\t\t\n\t\t\t<\/div>\n\n\t\t\n\t\t\t<div id=\"su-post-9095\" class=\"su-post\">\n\n\t\t\t\t\n\t\t\t\t<h2 class=\"su-post-title\"><a href=\"https:\/\/help.cobra.hu\/index.php\/2025\/08\/13\/webinarium-9-3\/\">V\u00e9dett: Webin\u00e1rium 9\/3: M\u00e9g t\u00f6bb l\u00e1that\u00f3 adat &#8211; Oszlopvar\u00e1zsl\u00f3<\/a><\/h2>\n\n\t\t\t\t<div class=\"su-post-meta\">\n\t\t\t\t\tD\u00e1tum: 2025.08.13.\t\t\t\t<\/div>\n\n<div class=\"su-post-content\">\n\t\t\t\t\t\t\t<form action=\"https:\/\/help.cobra.hu\/wp-login.php?action=postpass\" class=\"post-password-form\" method=\"post\">\n<p>Ez a tartalom jelsz\u00f3val v\u00e9dett, megtekint\u00e9s\u00e9hez alul meg kell adni a jelsz\u00f3t:<\/p>\n<p><label for=\"pwbox-9095\">Jelsz\u00f3: <input name=\"post_password\" id=\"pwbox-9095\" type=\"password\" size=\"20\" \/><\/label> <input type=\"submit\" name=\"Submit\" value=\"K\u00fcld\u00e9s\" \/><\/p>\n<\/form>\n\t\t\t\t\t\t<\/div>\n\n\t\t\t\t\n\t\t\t<\/div>\n\n\t\t\n\t\t\t<div id=\"su-post-9093\" class=\"su-post\">\n\n\t\t\t\t\n\t\t\t\t<h2 class=\"su-post-title\"><a href=\"https:\/\/help.cobra.hu\/index.php\/2025\/08\/13\/webinarium-9-2\/\">V\u00e9dett: Webin\u00e1rium 9\/2: \u00c9rkeztet\u00e9s az Online Sz\u00e1mla Rendszerb\u0151l<\/a><\/h2>\n\n\t\t\t\t<div class=\"su-post-meta\">\n\t\t\t\t\tD\u00e1tum: 2025.08.13.\t\t\t\t<\/div>\n\n<div class=\"su-post-content\">\n\t\t\t\t\t\t\t<form action=\"https:\/\/help.cobra.hu\/wp-login.php?action=postpass\" class=\"post-password-form\" method=\"post\">\n<p>Ez a tartalom jelsz\u00f3val v\u00e9dett, megtekint\u00e9s\u00e9hez alul meg kell adni a jelsz\u00f3t:<\/p>\n<p><label for=\"pwbox-9093\">Jelsz\u00f3: <input name=\"post_password\" id=\"pwbox-9093\" type=\"password\" size=\"20\" \/><\/label> <input type=\"submit\" name=\"Submit\" value=\"K\u00fcld\u00e9s\" \/><\/p>\n<\/form>\n\t\t\t\t\t\t<\/div>\n\n\t\t\t\t\n\t\t\t<\/div>\n\n\t\t\n\t\t\t<div id=\"su-post-9091\" class=\"su-post\">\n\n\t\t\t\t\n\t\t\t\t<h2 class=\"su-post-title\"><a href=\"https:\/\/help.cobra.hu\/index.php\/2025\/08\/13\/webinarium-9-1\/\">V\u00e9dett: Webin\u00e1rium 9\/1: Online Sz\u00e1mla automatikus kont\u00edroz\u00e1s \u00e9s gy\u0171jt\u0151z\u00e9s<\/a><\/h2>\n\n\t\t\t\t<div class=\"su-post-meta\">\n\t\t\t\t\tD\u00e1tum: 2025.08.13.\t\t\t\t<\/div>\n\n<div class=\"su-post-content\">\n\t\t\t\t\t\t\t<form action=\"https:\/\/help.cobra.hu\/wp-login.php?action=postpass\" class=\"post-password-form\" method=\"post\">\n<p>Ez a tartalom jelsz\u00f3val v\u00e9dett, megtekint\u00e9s\u00e9hez alul meg kell adni a jelsz\u00f3t:<\/p>\n<p><label for=\"pwbox-9091\">Jelsz\u00f3: <input name=\"post_password\" id=\"pwbox-9091\" type=\"password\" size=\"20\" \/><\/label> <input type=\"submit\" name=\"Submit\" value=\"K\u00fcld\u00e9s\" \/><\/p>\n<\/form>\n\t\t\t\t\t\t<\/div>\n\n\t\t\t\t\n\t\t\t<\/div>\n\n\t\t\n\t\t\t<div id=\"su-post-8949\" class=\"su-post\">\n\n\t\t\t\t\n\t\t\t\t<h2 class=\"su-post-title\"><a href=\"https:\/\/help.cobra.hu\/index.php\/2025\/06\/10\/webinarium-8-3\/\">V\u00e9dett: Webin\u00e1rium 8\/3: T\u00f6bb\u00e1rfolyam\u00fa sz\u00e1ml\u00e1k<\/a><\/h2>\n\n\t\t\t\t<div class=\"su-post-meta\">\n\t\t\t\t\tD\u00e1tum: 2025.06.10.\t\t\t\t<\/div>\n\n<div class=\"su-post-content\">\n\t\t\t\t\t\t\t<form action=\"https:\/\/help.cobra.hu\/wp-login.php?action=postpass\" class=\"post-password-form\" method=\"post\">\n<p>Ez a tartalom jelsz\u00f3val v\u00e9dett, megtekint\u00e9s\u00e9hez alul meg kell adni a jelsz\u00f3t:<\/p>\n<p><label for=\"pwbox-8949\">Jelsz\u00f3: <input name=\"post_password\" id=\"pwbox-8949\" type=\"password\" size=\"20\" \/><\/label> <input type=\"submit\" name=\"Submit\" value=\"K\u00fcld\u00e9s\" \/><\/p>\n<\/form>\n\t\t\t\t\t\t<\/div>\n\n\t\t\t\t\n\t\t\t<\/div>\n\n\t\t\n\t\t\t<div id=\"su-post-8945\" class=\"su-post\">\n\n\t\t\t\t\n\t\t\t\t<h2 class=\"su-post-title\"><a href=\"https:\/\/help.cobra.hu\/index.php\/2025\/06\/10\/webinarium-8-2\/\">V\u00e9dett: Webin\u00e1rium 8\/2: Foglal\u00e1sok kezel\u00e9se<\/a><\/h2>\n\n\t\t\t\t<div class=\"su-post-meta\">\n\t\t\t\t\tD\u00e1tum: 2025.06.10.\t\t\t\t<\/div>\n\n<div class=\"su-post-content\">\n\t\t\t\t\t\t\t<form action=\"https:\/\/help.cobra.hu\/wp-login.php?action=postpass\" class=\"post-password-form\" method=\"post\">\n<p>Ez a tartalom jelsz\u00f3val v\u00e9dett, megtekint\u00e9s\u00e9hez alul meg kell adni a jelsz\u00f3t:<\/p>\n<p><label for=\"pwbox-8945\">Jelsz\u00f3: <input name=\"post_password\" id=\"pwbox-8945\" type=\"password\" size=\"20\" \/><\/label> <input type=\"submit\" name=\"Submit\" value=\"K\u00fcld\u00e9s\" \/><\/p>\n<\/form>\n\t\t\t\t\t\t<\/div>\n\n\t\t\t\t\n\t\t\t<\/div>\n\n\t\t\n\t\t\t<div id=\"su-post-8943\" class=\"su-post\">\n\n\t\t\t\t\n\t\t\t\t<h2 class=\"su-post-title\"><a href=\"https:\/\/help.cobra.hu\/index.php\/2025\/06\/10\/webinarium-8-1\/\">V\u00e9dett: Webin\u00e1rium 8\/1: E-sz\u00e1mla ki\u00e1ll\u00edt\u00e1s az Online Sz\u00e1mla Rendszerrel<\/a><\/h2>\n\n\t\t\t\t<div class=\"su-post-meta\">\n\t\t\t\t\tD\u00e1tum: 2025.06.10.\t\t\t\t<\/div>\n\n<div class=\"su-post-content\">\n\t\t\t\t\t\t\t<form action=\"https:\/\/help.cobra.hu\/wp-login.php?action=postpass\" class=\"post-password-form\" method=\"post\">\n<p>Ez a tartalom jelsz\u00f3val v\u00e9dett, megtekint\u00e9s\u00e9hez alul meg kell adni a jelsz\u00f3t:<\/p>\n<p><label for=\"pwbox-8943\">Jelsz\u00f3: <input name=\"post_password\" id=\"pwbox-8943\" type=\"password\" size=\"20\" \/><\/label> <input type=\"submit\" name=\"Submit\" value=\"K\u00fcld\u00e9s\" \/><\/p>\n<\/form>\n\t\t\t\t\t\t<\/div>\n\n\t\t\t\t\n\t\t\t<\/div>\n\n\t\t\n\t\t\t<div id=\"su-post-8736\" class=\"su-post\">\n\n\t\t\t\t\n\t\t\t\t<h2 class=\"su-post-title\"><a href=\"https:\/\/help.cobra.hu\/index.php\/2025\/03\/18\/webinarium-7\/\">V\u00e9dett: Webin\u00e1rium 7: Modern aj\u00e1nlat szerkeszt\u0151<\/a><\/h2>\n\n\t\t\t\t<div class=\"su-post-meta\">\n\t\t\t\t\tD\u00e1tum: 2025.03.18.\t\t\t\t<\/div>\n\n<div class=\"su-post-content\">\n\t\t\t\t\t\t\t<form action=\"https:\/\/help.cobra.hu\/wp-login.php?action=postpass\" class=\"post-password-form\" method=\"post\">\n<p>Ez a tartalom jelsz\u00f3val v\u00e9dett, megtekint\u00e9s\u00e9hez alul meg kell adni a jelsz\u00f3t:<\/p>\n<p><label for=\"pwbox-8736\">Jelsz\u00f3: <input name=\"post_password\" id=\"pwbox-8736\" type=\"password\" size=\"20\" \/><\/label> <input type=\"submit\" name=\"Submit\" value=\"K\u00fcld\u00e9s\" \/><\/p>\n<\/form>\n\t\t\t\t\t\t<\/div>\n\n\t\t\t\t\n\t\t\t<\/div>\n\n\t\t\n\t\t\t<div id=\"su-post-8135\" class=\"su-post\">\n\n\t\t\t\t\n\t\t\t\t<h2 class=\"su-post-title\"><a href=\"https:\/\/help.cobra.hu\/index.php\/2024\/04\/15\/webinarium-4-penzugy-modul-ujdonsagok\/\">V\u00e9dett: Webin\u00e1rium 4: P\u00e9nz\u00fcgy modul \u00fajdons\u00e1gok, 2024.2-es verzi\u00f3<\/a><\/h2>\n\n\t\t\t\t<div class=\"su-post-meta\">\n\t\t\t\t\tD\u00e1tum: 2024.04.15.\t\t\t\t<\/div>\n\n<div class=\"su-post-content\">\n\t\t\t\t\t\t\t<form action=\"https:\/\/help.cobra.hu\/wp-login.php?action=postpass\" class=\"post-password-form\" method=\"post\">\n<p>Ez a tartalom jelsz\u00f3val v\u00e9dett, megtekint\u00e9s\u00e9hez alul meg kell adni a jelsz\u00f3t:<\/p>\n<p><label for=\"pwbox-8135\">Jelsz\u00f3: <input name=\"post_password\" id=\"pwbox-8135\" type=\"password\" size=\"20\" \/><\/label> <input type=\"submit\" name=\"Submit\" value=\"K\u00fcld\u00e9s\" \/><\/p>\n<\/form>\n\t\t\t\t\t\t<\/div>\n\n\t\t\t\t\n\t\t\t<\/div>\n\n\t\t\n\t\t\t<div id=\"su-post-7853\" class=\"su-post\">\n\n\t\t\t\t\n\t\t\t\t<h2 class=\"su-post-title\"><a href=\"https:\/\/help.cobra.hu\/index.php\/2024\/02\/12\/webinarium3\/\">V\u00e9dett: Webin\u00e1rium 3: D\u00edjbek\u00e9r\u0151t\u0151l az el\u0151legsz\u00e1ml\u00e1n \u00e1t a v\u00e9gsz\u00e1ml\u00e1ig\u202f<\/a><\/h2>\n\n\t\t\t\t<div class=\"su-post-meta\">\n\t\t\t\t\tD\u00e1tum: 2024.02.12.\t\t\t\t<\/div>\n\n<div class=\"su-post-content\">\n\t\t\t\t\t\t\t<form action=\"https:\/\/help.cobra.hu\/wp-login.php?action=postpass\" class=\"post-password-form\" method=\"post\">\n<p>Ez a tartalom jelsz\u00f3val v\u00e9dett, megtekint\u00e9s\u00e9hez alul meg kell adni a jelsz\u00f3t:<\/p>\n<p><label for=\"pwbox-7853\">Jelsz\u00f3: <input name=\"post_password\" id=\"pwbox-7853\" type=\"password\" size=\"20\" \/><\/label> <input type=\"submit\" name=\"Submit\" value=\"K\u00fcld\u00e9s\" \/><\/p>\n<\/form>\n\t\t\t\t\t\t<\/div>\n\n\t\t\t\t\n\t\t\t<\/div>\n\n\t\t\n\t\t\t<div id=\"su-post-7669\" class=\"su-post\">\n\n\t\t\t\t\n\t\t\t\t<h2 class=\"su-post-title\"><a href=\"https:\/\/help.cobra.hu\/index.php\/2023\/12\/08\/webinarium-2-mit-var-el-a-nav\/\">V\u00e9dett: Webin\u00e1rium 2: Mit v\u00e1r el a NAV?<\/a><\/h2>\n\n\t\t\t\t<div class=\"su-post-meta\">\n\t\t\t\t\tD\u00e1tum: 2023.12.08.\t\t\t\t<\/div>\n\n<div class=\"su-post-content\">\n\t\t\t\t\t\t\t<form action=\"https:\/\/help.cobra.hu\/wp-login.php?action=postpass\" class=\"post-password-form\" method=\"post\">\n<p>Ez a tartalom jelsz\u00f3val v\u00e9dett, megtekint\u00e9s\u00e9hez alul meg kell adni a jelsz\u00f3t:<\/p>\n<p><label for=\"pwbox-7669\">Jelsz\u00f3: <input name=\"post_password\" id=\"pwbox-7669\" type=\"password\" size=\"20\" \/><\/label> <input type=\"submit\" name=\"Submit\" value=\"K\u00fcld\u00e9s\" \/><\/p>\n<\/form>\n\t\t\t\t\t\t<\/div>\n\n\t\t\t\t\n\t\t\t<\/div>\n\n\t\t\n\t\t\t<div id=\"su-post-7518\" class=\"su-post\">\n\n\t\t\t\t\n\t\t\t\t<h2 class=\"su-post-title\"><a href=\"https:\/\/help.cobra.hu\/index.php\/2023\/11\/09\/webinarium-1-kenyelmes-hasznalat-hatekonysag-noveles\/\">Webin\u00e1rium 1: K\u00e9nyelmes haszn\u00e1lat, hat\u00e9konys\u00e1g n\u00f6vel\u00e9s<\/a><\/h2>\n\n\t\t\t\t<div class=\"su-post-meta\">\n\t\t\t\t\tD\u00e1tum: 2023.11.09.\t\t\t\t<\/div>\n\n<div class=\"su-post-content\">\n\t\t\t\t\t\t\t<p>2023. november 24-vel elindult a webin\u00e1riumi sorozatunk, amely a <a class=\"x1i10hfl xjbqb8w x6umtig x1b1mbwd xaqea5y xav7gou x9f619 x1ypdohk xt0psk2 xe8uvvx xdj266r x11i5rnm xat24cr x1mh8g0r xexx8yu x4uap5 x18d9i69 xkhd6sd x16tdsg8 x1hl2dhg xggy1nq x1a2a7pz xt0b8zv x1fey0fg\" tabindex=\"0\" role=\"link\" href=\"https:\/\/l.facebook.com\/l.php?u=http%3A%2F%2FCobraConto.Net%2F%3Ffbclid%3DIwAR1HK3LpaIi6SRr1E8Ph22nhf2-RiolipaFeEFxRCCrZUy7MWTo_tQtCtCk&amp;h=AT0IRcpnQ0cdkZiXsTE2Y1ZaXvYLmbSyLiOEjIEYszvOB6LJaXNXQCv2ZuEVqoyxeaxYQGshHyPG2xJyajT3i_38DFgKr1zT2CpApQk6YkfWKhqU9tXD1l4HKxnA-5Ks3Q&amp;__tn__=-UK-R&amp;c[0]=AT2pgs2cKxs5WbHKlIxjV7qFiSlViQ9HVnbn1fHCDvNG6tHq_OQA7tW8kKnzSQA11LTXvSzfeZ9HlD6nG_8uVyIO9qDg71L92A314qdtf-sirnuLMYY_o7SZL92urjT7dk9hOOaElpy9W9FvTAGL_NuMu29Sb0tKniB9vxCYOeHMDqJs3cvEOedbvNFIA17dJIVdh3WSLJaL\" target=\"_blank\" rel=\"nofollow noopener noreferrer\">CobraConto.Net<\/a> v\u00e1llalatir\u00e1ny\u00edt\u00e1si rendszer hat\u00e9konyabb haszn\u00e1lat\u00e1r\u00f3l sz\u00f3lt.<\/p>\n<p><video controls=\"controls\" width=\"900\" height=\"500\"><span data-mce-type=\"bookmark\" style=\"display: inline-block; width: 0px; overflow: hidden; line-height: 0;\" class=\"mce_SELRES_start\">\ufeff<\/span><source src=\"http:\/\/help.cobra.hu\/wp-content\/uploads\/2023\/11\/webinar1.mp4\" type=\"video\/mp4\" \/><\/video><\/p>\n<p>Kapcsol\u00f3d\u00f3 bejegyz\u00e9sek:<\/p>\n<p>Men\u00fcrendszer: <a href=\"https:\/\/help.cobra.hu\/index.php\/2015\/09\/07\/a-fomenu-altalanos-kezelesi-ismeretei\/\">https:\/\/help.cobra.hu\/index.php\/2015\/09\/07\/a-fomenu-altalanos-kezelesi-ismeretei\/<\/a><br \/>\nModern tall\u00f3z\u00f3 ablakok: <a href=\"https:\/\/help.cobra.hu\/index.php\/2018\/11\/19\/ertekesitesi-termek-tallozo-ablak-funkcioi\/\">https:\/\/help.cobra.hu\/index.php\/2018\/11\/19\/ertekesitesi-termek-tallozo-ablak-funkcioi\/<\/a><br \/>\nP\u00e1rhuzamos megnyit\u00e1s: <a href=\"https:\/\/help.cobra.hu\/index.php\/2015\/09\/07\/gombok-es-funkciok\/#Uj_adat_parhuzamos_es_Megnyitas_parhuzamosan\">https:\/\/help.cobra.hu\/index.php\/2015\/09\/07\/gombok-es-funkciok\/#Uj_adat_parhuzamos_es_Megnyitas_parhuzamosan<\/a><br \/>\nKisalkalmaz\u00e1sok: <a href=\"https:\/\/help.cobra.hu\/index.php\/2021\/11\/28\/munkaterulet-szemelyreszabasa\/\">https:\/\/help.cobra.hu\/index.php\/2021\/11\/28\/munkaterulet-szemelyreszabasa\/<\/a><\/p>\n<div id=\"gtx-trans\" style=\"position: absolute; left: 114px; top: 1028.25px;\">\n<div class=\"gtx-trans-icon\"><\/div>\n<\/div>\n\t\t\t\t\t\t<\/div>\n\n\t\t\t\t\n\t\t\t<\/div>\n\n\t\t\n\t\n<\/div>\n\n","protected":false},"excerpt":{"rendered":"","protected":false},"author":1,"featured_media":0,"parent":0,"menu_order":0,"comment_status":"closed","ping_status":"closed","template":"","meta":[],"_links":{"self":[{"href":"https:\/\/help.cobra.hu\/index.php\/wp-json\/wp\/v2\/pages\/7696"}],"collection":[{"href":"https:\/\/help.cobra.hu\/index.php\/wp-json\/wp\/v2\/pages"}],"about":[{"href":"https:\/\/help.cobra.hu\/index.php\/wp-json\/wp\/v2\/types\/page"}],"author":[{"embeddable":true,"href":"https:\/\/help.cobra.hu\/index.php\/wp-json\/wp\/v2\/users\/1"}],"replies":[{"embeddable":true,"href":"https:\/\/help.cobra.hu\/index.php\/wp-json\/wp\/v2\/comments?post=7696"}],"version-history":[{"count":3,"href":"https:\/\/help.cobra.hu\/index.php\/wp-json\/wp\/v2\/pages\/7696\/revisions"}],"predecessor-version":[{"id":7699,"href":"https:\/\/help.cobra.hu\/index.php\/wp-json\/wp\/v2\/pages\/7696\/revisions\/7699"}],"wp:attachment":[{"href":"https:\/\/help.cobra.hu\/index.php\/wp-json\/wp\/v2\/media?parent=7696"}],"curies":[{"name":"wp","href":"https:\/\/api.w.org\/{rel}","templated":true}]}}